{"id":57,"date":"2024-06-27T06:19:28","date_gmt":"2024-06-27T10:19:28","guid":{"rendered":"https:\/\/qa.hofhdisease.ca\/?page_id=57"},"modified":"2025-02-28T05:28:25","modified_gmt":"2025-02-28T10:28:25","slug":"landing","status":"publish","type":"page","link":"https:\/\/www.hofhdisease.de\/ar\/","title":{"rendered":"\u0641\u0631\u0637 \u0643\u0648\u0644\u0633\u062a\u0631\u0648\u0644\u2028\u0627\u0644\u062f\u0645 \u0627\u0644\u0639\u0627\u0626\u0644\u064a\u00a0\u0645\u062a\u0645\u0627\u062b\u0644 \u0627\u0644\u0627\u0632\u062f\u0648\u0627\u062c"},"content":{"rendered":"<div class=\"gate-overlay\"><\/div>\n<div class=\"relative flex min-h-screen1 items-center justify-center p-6\">\n<div class=\"main-container\">\n<div class=\"relative1 flex1 justify-between1 items-center top-section d-flex justify-content-around\">\n<div class=\"text-center text-center-margin logo p-2 logo-img\"><img loading=\"lazy\" decoding=\"async\" class=\"mx-auto\" src=\"\/ar\/wp-content\/uploads\/2024\/06\/gatewayPageTop.png\" alt=\"logo\" width=\"274\" height=\"43\" \/><\/div>\n<div class=\"text-right text-16px .text-right-margin p-2\"><a class=\"text-white\" href=\"https:\/\/www.hofhdisease.de\/\" target=\"_blank\" rel=\"noopener\">Deutsch<\/a><br \/>\n<a class=\"text-white\" href=\"https:\/\/www.hofhdisease.de\/tr\/\" target=\"_blank\" rel=\"noopener\">T\u00fcrk\u00e7e<\/a><br \/>\n<a class=\"text-cream\" href=\"https:\/\/www.hofhdisease.de\/ar\/\" rel=\"noopener\">\u0639\u0631\u0628\u064a<\/a><\/div>\n<\/div>\n<div class=\"relative mt-6 w-full text-white px-4 text-body\">\n<div class=\"text-center\">\n<p class=\"text-center text-16px text-white\" style=\"margin-top: 70px;\">\u062a\u0645 \u062a\u0635\u0645\u064a\u0645 \u0647\u0630\u0627 \u0627\u0644\u0645\u0648\u0642\u0639 \u0644\u0644\u0645\u0633\u0627\u0639\u062f\u0629 \u0641\u064a \u062a\u062d\u062f\u064a\u062f \u0639\u0644\u0627\u0645\u0627\u062a \u0648\u0623\u0639\u0631\u0627\u0636 \u0641\u0631\u0637 \u0643\u0648\u0644\u0633\u062a\u0631\u0648\u0644<br \/>\n.\u0627\u0644\u062f\u0645 \u0627\u0644\u0639\u0627\u0626\u0644\u064a \u0645\u062a\u0645\u0627\u062b\u0644 \u0627\u0644\u0627\u0632\u062f\u0648\u0627\u062c<\/p>\n<p class=\"mt-6 text-center text-16px text-white text-body-80\">\u0644\u0644\u0645\u062a\u0627\u0628\u0639\u0629\u060c \u062d\u062f\u0651\u0650\u062f \u0623\u062d\u062f \u0627\u0644\u062e\u064a\u0627\u0631\u064a\u0646<\/p>\n<p class=\"mt-6\"><a class=\"btn btn-white btn-round\" href=\"https:\/\/www.hofhdisease.de\/ar\/home\/\">\u0623\u0646\u0627 \u0645\u0631\u064a\u0636 \u0623\u0648 \u0645\u0642\u062f\u0645 \u0631\u0639\u0627\u064a\u0629 (\u0648\u0644\u064a \u0623\u0645\u0631\/\u0648\u0635\u064a\u0651 \u0642\u0627\u0646\u0648\u0646\u064a) <\/a><\/p>\n<p class=\"mt-6\"><a class=\"btn btn-white btn-round ext_link\" href=\"https:\/\/www.hofhdisease.de\/hcp\/\">\u0623\u0646\u0627 \u0623\u062e\u0635\u0627\u0626\u064a \u0631\u0639\u0627\u064a\u0629 \u0635\u062d\u064a\u0629<\/a><\/p>\n<\/div>\n<\/div>\n<div class=\"text-center\" style=\"margin-top: 20px;\">\n<p class=\"mx-auto mt-6 text-16px text-white\">\u064a\u062a\u0645 \u062a\u0648\u0641\u064a\u0631 \u0627\u0644\u0645\u0639\u0644\u0648\u0645\u0627\u062a \u0627\u0644\u0648\u0627\u0631\u062f\u0629 \u0647\u0646\u0627 \u0644\u0623\u063a\u0631\u0627\u0636 \u062a\u0639\u0644\u064a\u0645\u064a\u0629 \u0639\u0627\u0645\u0629<br \/>\n\u0647\u0630\u0627 \u0627\u0644\u0645\u0648\u0642\u0639 \u0645\u062e\u0635\u0635 \u0644\u0644\u0645\u0642\u064a\u0645\u064a\u0646 \u0641\u064a \u00a0\u0627\u0644\u0645\u0646\u0637\u0642\u0629 \u0627\u0644\u0646\u0627\u0637\u0642\u0629 \u0628\u0627\u0644\u0623\u0644\u0645\u0627\u0646\u064a\u0629 \u0648\u0647\u064a \u0623\u0644\u0645\u0627\u0646\u064a\u0627<br \/>\n.\u0648\u0627\u0644\u0646\u0645\u0633\u0627 \u0648\u0633\u0648\u064a\u0633\u0631\u0627<\/p>\n<p><img loading=\"lazy\" decoding=\"async\" class=\"mx-auto mt-6\" style=\"margin-top: 55px;\" src=\"https:\/\/www.hofhdisease.de\/ar\/wp-content\/themes\/hofh\/graphics\/logos\/gate\/ultragenyx.png\" srcset=\"https:\/\/www.hofhdisease.de\/ar\/wp-content\/themes\/hofh\/graphics\/logos\/gate\/ultragenyx.png, https:\/\/www.hofhdisease.de\/ar\/wp-content\/themes\/hofh\/graphics\/logos\/gate\/ultragenyx@2x.png 2x\" alt=\"h-12 w-auto\" width=\"120\" height=\"48\" \/><\/p>\n<p class=\"mt-3 text-white\" style=\"font-size: 12px; line-height: 20px; color: #fff; max-width: 800px; direction: rtl;\"> \u062a\u0645 \u0625\u0646\u0634\u0627\u0621 \u0627\u0644\u0645\u0639\u0644\u0648\u0645\u0627\u062a \u0627\u0644\u0645\u0648\u062c\u0648\u062f\u0629 \u0639\u0644\u0649 \u0647\u0630\u0627 \u0627\u0644\u0645\u0648\u0642\u0639 \u0648\u062a\u0645\u0648\u064a\u0644\u0647\u0627 \u0645\u0646 \u0642\u0628\u0644 \u0634\u0631\u0643\u0629  Ultragenyx \u0644\u0644\u0623\u063a\u0631\u0627\u0636 \u0627\u0644\u062a\u0639\u0644\u064a\u0645\u064a\u0629 \u0641\u0642\u0637 \u0648\u0647\u064a \u0644\u064a\u0633\u062a \u0628\u062f\u064a\u0644\u0629 \u0639\u0646 \u0627\u0644\u062a\u062d\u062f\u062b \u0645\u0639 \u0637\u0628\u064a\u0628\u0643 \u0623\u0648 \u0623\u062e\u0635\u0627\u0626\u064a \u0627\u0644\u0631\u0639\u0627\u064a\u0629 \u0627\u0644\u0635\u062d\u064a\u0629 \u0627\u0644\u062e\u0627\u0635 \u0628\u0643. \u0648\u0644\u0627 \u064a\u0646\u0628\u063a\u064a \u0627\u0633\u062a\u062e\u062f\u0627\u0645\u0647\u0627 \u0644\u062a\u0634\u062e\u064a\u0635 \u0623\u0648 \u0639\u0644\u0627\u062c \u0645\u0634\u0643\u0644\u0629 \u0635\u062d\u064a\u0629 \u0623\u0648 \u0645\u0631\u0636. \u0625\u0630\u0627 \u0643\u0627\u0646\u062a \u0644\u062f\u064a\u0643 \u0623\u0633\u0626\u0644\u0629 \u062d\u0648\u0644 \u062d\u0627\u0644\u062a\u0643 \u0627\u0644\u0637\u0628\u064a\u0629\u060c \u0627\u062a\u0635\u0644 \u0628\u0637\u0628\u064a\u0628\u0643. <\/p>\n<p class=\"mt-3 text-white\" style=\"font-size: 12px; line-height: 20px; color: #fff; max-width: 800px; direction: ltr;margin-top:0px;\">\n\u00a9 2024 Ultragenyx Pharmaceutical Inc. \u062c\u0645\u064a\u0639 \u0627\u0644\u062d\u0642\u0648\u0642 \u0645\u062d\u0641\u0648\u0638\u0629.\n<\/p>\n<p><!--\n\n\n<p class=\"mt-3 text-white\" style=\"font-size: 12px; line-height:20px; color: #fff;\">\u00a9 <script>document.write(new Date().getFullYear())<\/script> Ultragenyx Pharmaceutical Inc. T\u00fcm haklar\u0131 sakl\u0131d\u0131r.<\/p>\n\n\n--><\/p>\n<p class=\"mt-3 text-white\" style=\"font-size: 12px; line-height: 9px; color: #fff;\">\n<\/div>\n<\/div>\n<p><!-- Cookie Modal --><\/p>\n<div id=\"cookieModal\" class=\"modal fade cookie-modal\" tabindex=\"-1\" role=\"dialog\" aria-labelledby=\"cookieModal\" aria-hidden=\"true\" data-backdrop=\"static\">\n<div class=\"modal-dialog modal-dialog-centered\" role=\"document\">\n<div class=\"modal-content\">\n<div class=\"modal-body\">\n<div class=\"cookie-wrap\">\n<div class=\"cookie-content\">\n<p class=\"p-text\">Bu web sitesi, size daha duyarl\u0131 ve ki\u015fiselle\u015ftirilmi\u015f bir hizmet sunmak i\u00e7in \u00c7erezler kullan\u0131r. A\u015fa\u011f\u0131da &#8220;Kabul Et&#8221;e t\u0131klayarak, bu web sitesinde \u00c7erez kullan\u0131m\u0131n\u0131 kabul etmi\u015f olursunuz. L\u00fctfen <a class=\"cta-link\" href=\"https:\/\/www.ultragenyx.com\/turkish\/cookie-policy\/\"><strong>\u00c7erez Politikam\u0131z\u0131<\/strong><\/a> ve <a class=\"cta-link text-dec\" href=\"https:\/\/www.ultragenyx.com\/turkish\/privacy-policy\/\"><strong>Gizlilik Politikam\u0131z\u0131<\/strong><\/a> okuyun. Bu web sitesinde \u00c7erez kullan\u0131m\u0131 hakk\u0131nda daha fazla bilgiyi burada bulabilirsiniz.<\/p>\n<\/div>\n<div class=\"button-block\"><a class=\"cta-button btn-continue\" href=\"#\" data-dismiss=\"modal\">Kabul Et<\/a><br \/>\n<a class=\"cta-button btn-dismiss\" href=\"#\" data-dismiss=\"modal\">Reddet<\/a><\/div>\n<\/div>\n<p>&nbsp;<\/p>\n<\/div>\n<\/div>\n<\/div>\n<\/div>\n<\/div>\n<style>\n#masthead, #colophon,.entry-footer{display:none;}.text-white{color:#fff !important;}.btn-white{padding: 5px 18px;    background: #fff;    border-radius: 25px;    margin-top: 15px;    font-size: 16px;    color: #c71f46;    font-weight: 600;}  .text-cream { color: #FFE2AA !important; font-weight: 700; }  .text-right-margin { margin-right: -40px; }<br \/>.text-center-margin { margin: auto; }<br \/>@media screen and (max-width: 768px) {<br \/> .text-right-margin {<br \/>    margin-right: 0;<br \/> }<br \/> .text-center-margin {<br \/>    margin: 0 auto;<br \/> }<br \/>}<br \/><\/style>\n","protected":false},"excerpt":{"rendered":"<p>Deutsch T\u00fcrk\u00e7e \u0639\u0631\u0628\u064a \u062a\u0645 \u062a\u0635\u0645\u064a\u0645 \u0647\u0630\u0627 \u0627\u0644\u0645\u0648\u0642\u0639 \u0644\u0644\u0645\u0633\u0627\u0639\u062f\u0629 \u0641\u064a \u062a\u062d\u062f\u064a\u062f \u0639\u0644\u0627\u0645\u0627\u062a \u0648\u0623\u0639\u0631\u0627\u0636 \u0641\u0631\u0637 \u0643\u0648\u0644\u0633\u062a\u0631\u0648\u0644 .\u0627\u0644\u062f\u0645 \u0627\u0644\u0639\u0627\u0626\u0644\u064a \u0645\u062a\u0645\u0627\u062b\u0644 \u0627\u0644\u0627\u0632\u062f\u0648\u0627\u062c \u0644\u0644\u0645\u062a\u0627\u0628\u0639\u0629\u060c \u062d\u062f\u0651\u0650\u062f \u0623\u062d\u062f \u0627\u0644\u062e\u064a\u0627\u0631\u064a\u0646 \u0623\u0646\u0627 \u0645\u0631\u064a\u0636 \u0623\u0648 \u0645\u0642\u062f\u0645 \u0631\u0639\u0627\u064a\u0629 (\u0648\u0644\u064a \u0623\u0645\u0631\/\u0648\u0635\u064a\u0651 \u0642\u0627\u0646\u0648\u0646\u064a) \u0623\u0646\u0627 \u0623\u062e\u0635\u0627\u0626\u064a \u0631\u0639\u0627\u064a\u0629 \u0635\u062d\u064a\u0629 \u064a\u062a\u0645 \u062a\u0648\u0641\u064a\u0631 \u0627\u0644\u0645\u0639\u0644\u0648\u0645\u0627\u062a \u0627\u0644\u0648\u0627\u0631\u062f\u0629 \u0647\u0646\u0627 \u0644\u0623\u063a\u0631\u0627\u0636 \u062a\u0639\u0644\u064a\u0645\u064a\u0629 \u0639\u0627\u0645\u0629 \u0647\u0630\u0627 \u0627\u0644\u0645\u0648\u0642\u0639 \u0645\u062e\u0635\u0635 \u0644\u0644\u0645\u0642\u064a\u0645\u064a\u0646 \u0641\u064a \u00a0\u0627\u0644\u0645\u0646\u0637\u0642\u0629 \u0627\u0644\u0646\u0627\u0637\u0642\u0629 \u0628\u0627\u0644\u0623\u0644\u0645\u0627\u0646\u064a\u0629 \u0648\u0647\u064a \u0623\u0644\u0645\u0627\u0646\u064a\u0627 .\u0648\u0627\u0644\u0646\u0645\u0633\u0627 \u0648\u0633\u0648\u064a\u0633\u0631\u0627 \u062a\u0645<a href=\"https:\/\/www.hofhdisease.de\/ar\/\">Continue reading <span class=\"sr-only\">&#8220;\u0641\u0631\u0637 \u0643\u0648\u0644\u0633\u062a\u0631\u0648\u0644\u2028\u0627\u0644\u062f\u0645 \u0627\u0644\u0639\u0627\u0626\u0644\u064a\u00a0\u0645\u062a\u0645\u0627\u062b\u0644 \u0627\u0644\u0627\u0632\u062f\u0648\u0627\u062c&#8221;<\/span><\/a><\/p>\n","protected":false},"author":9,"featured_media":0,"parent":0,"menu_order":0,"comment_status":"closed","ping_status":"closed","template":"","meta":{"footnotes":""},"class_list":["post-57","page","type-page","status-publish","hentry"],"yoast_head":"<!-- This site is optimized with the Yoast SEO plugin v24.9 - https:\/\/yoast.com\/wordpress\/plugins\/seo\/ -->\n<title>\u2028\u0641\u0631\u0637 \u0643\u0648\u0644\u0633\u062a\u0631\u0648\u0644 \u0645\u062a\u0645\u0627\u062b\u0644 \u0627\u0644\u0627\u0632\u062f\u0648\u0627\u062c \u2028\u0627\u0644\u062f\u0645 \u0627\u0644\u0639\u0627\u0626\u0644\u064a<\/title>\n<meta name=\"robots\" content=\"index, follow, max-snippet:-1, max-image-preview:large, max-video-preview:-1\" \/>\n<link rel=\"canonical\" href=\"https:\/\/www.hofhdisease.de\/ar\/\" \/>\n<meta property=\"og:locale\" content=\"en_US\" \/>\n<meta property=\"og:type\" content=\"article\" \/>\n<meta property=\"og:title\" content=\"\u2028\u0641\u0631\u0637 \u0643\u0648\u0644\u0633\u062a\u0631\u0648\u0644 \u0645\u062a\u0645\u0627\u062b\u0644 \u0627\u0644\u0627\u0632\u062f\u0648\u0627\u062c \u2028\u0627\u0644\u062f\u0645 \u0627\u0644\u0639\u0627\u0626\u0644\u064a\" \/>\n<meta property=\"og:description\" content=\"Deutsch T\u00fcrk\u00e7e \u0639\u0631\u0628\u064a \u062a\u0645 \u062a\u0635\u0645\u064a\u0645 \u0647\u0630\u0627 \u0627\u0644\u0645\u0648\u0642\u0639 \u0644\u0644\u0645\u0633\u0627\u0639\u062f\u0629 \u0641\u064a \u062a\u062d\u062f\u064a\u062f \u0639\u0644\u0627\u0645\u0627\u062a \u0648\u0623\u0639\u0631\u0627\u0636 \u0641\u0631\u0637 \u0643\u0648\u0644\u0633\u062a\u0631\u0648\u0644 .\u0627\u0644\u062f\u0645 \u0627\u0644\u0639\u0627\u0626\u0644\u064a \u0645\u062a\u0645\u0627\u062b\u0644 \u0627\u0644\u0627\u0632\u062f\u0648\u0627\u062c \u0644\u0644\u0645\u062a\u0627\u0628\u0639\u0629\u060c \u062d\u062f\u0651\u0650\u062f \u0623\u062d\u062f \u0627\u0644\u062e\u064a\u0627\u0631\u064a\u0646 \u0623\u0646\u0627 \u0645\u0631\u064a\u0636 \u0623\u0648 \u0645\u0642\u062f\u0645 \u0631\u0639\u0627\u064a\u0629 (\u0648\u0644\u064a \u0623\u0645\u0631\/\u0648\u0635\u064a\u0651 \u0642\u0627\u0646\u0648\u0646\u064a) \u0623\u0646\u0627 \u0623\u062e\u0635\u0627\u0626\u064a \u0631\u0639\u0627\u064a\u0629 \u0635\u062d\u064a\u0629 \u064a\u062a\u0645 \u062a\u0648\u0641\u064a\u0631 \u0627\u0644\u0645\u0639\u0644\u0648\u0645\u0627\u062a \u0627\u0644\u0648\u0627\u0631\u062f\u0629 \u0647\u0646\u0627 \u0644\u0623\u063a\u0631\u0627\u0636 \u062a\u0639\u0644\u064a\u0645\u064a\u0629 \u0639\u0627\u0645\u0629 \u0647\u0630\u0627 \u0627\u0644\u0645\u0648\u0642\u0639 \u0645\u062e\u0635\u0635 \u0644\u0644\u0645\u0642\u064a\u0645\u064a\u0646 \u0641\u064a \u00a0\u0627\u0644\u0645\u0646\u0637\u0642\u0629 \u0627\u0644\u0646\u0627\u0637\u0642\u0629 \u0628\u0627\u0644\u0623\u0644\u0645\u0627\u0646\u064a\u0629 \u0648\u0647\u064a \u0623\u0644\u0645\u0627\u0646\u064a\u0627 .\u0648\u0627\u0644\u0646\u0645\u0633\u0627 \u0648\u0633\u0648\u064a\u0633\u0631\u0627 \u062a\u0645Continue reading &quot;\u0641\u0631\u0637 \u0643\u0648\u0644\u0633\u062a\u0631\u0648\u0644\u2028\u0627\u0644\u062f\u0645 \u0627\u0644\u0639\u0627\u0626\u0644\u064a\u00a0\u0645\u062a\u0645\u0627\u062b\u0644 \u0627\u0644\u0627\u0632\u062f\u0648\u0627\u062c&quot;\" \/>\n<meta property=\"og:url\" content=\"https:\/\/www.hofhdisease.de\/ar\/\" \/>\n<meta property=\"og:site_name\" content=\"\u2028\u0641\u0631\u0637 \u0643\u0648\u0644\u0633\u062a\u0631\u0648\u0644 \u0645\u062a\u0645\u0627\u062b\u0644 \u0627\u0644\u0627\u0632\u062f\u0648\u0627\u062c \u2028\u0627\u0644\u062f\u0645 \u0627\u0644\u0639\u0627\u0626\u0644\u064a\" \/>\n<meta property=\"article:modified_time\" content=\"2025-02-28T10:28:25+00:00\" \/>\n<meta property=\"og:image\" content=\"https:\/\/www.hofhdisease.de\/ar\/wp-content\/themes\/hofh\/graphics\/logos\/gate\/ultragenyx.png\" \/>\n<meta name=\"twitter:card\" content=\"summary_large_image\" \/>\n<meta name=\"twitter:label1\" content=\"Est. reading time\" \/>\n\t<meta name=\"twitter:data1\" content=\"2 minutes\" \/>\n<script type=\"application\/ld+json\" class=\"yoast-schema-graph\">{\"@context\":\"https:\/\/schema.org\",\"@graph\":[{\"@type\":\"WebPage\",\"@id\":\"https:\/\/www.hofhdisease.de\/ar\/\",\"url\":\"https:\/\/www.hofhdisease.de\/ar\/\",\"name\":\"\\u2028\u0641\u0631\u0637 \u0643\u0648\u0644\u0633\u062a\u0631\u0648\u0644 \u0645\u062a\u0645\u0627\u062b\u0644 \u0627\u0644\u0627\u0632\u062f\u0648\u0627\u062c \\u2028\u0627\u0644\u062f\u0645 \u0627\u0644\u0639\u0627\u0626\u0644\u064a\",\"isPartOf\":{\"@id\":\"https:\/\/www.hofhdisease.de\/ar\/#website\"},\"primaryImageOfPage\":{\"@id\":\"https:\/\/www.hofhdisease.de\/ar\/#primaryimage\"},\"image\":{\"@id\":\"https:\/\/www.hofhdisease.de\/ar\/#primaryimage\"},\"thumbnailUrl\":\"https:\/\/www.hofhdisease.de\/ar\/wp-content\/themes\/hofh\/graphics\/logos\/gate\/ultragenyx.png\",\"datePublished\":\"2024-06-27T10:19:28+00:00\",\"dateModified\":\"2025-02-28T10:28:25+00:00\",\"breadcrumb\":{\"@id\":\"https:\/\/www.hofhdisease.de\/ar\/#breadcrumb\"},\"inLanguage\":\"en-US\",\"potentialAction\":[{\"@type\":\"ReadAction\",\"target\":[\"https:\/\/www.hofhdisease.de\/ar\/\"]}]},{\"@type\":\"ImageObject\",\"inLanguage\":\"en-US\",\"@id\":\"https:\/\/www.hofhdisease.de\/ar\/#primaryimage\",\"url\":\"https:\/\/www.hofhdisease.de\/ar\/wp-content\/themes\/hofh\/graphics\/logos\/gate\/ultragenyx.png\",\"contentUrl\":\"https:\/\/www.hofhdisease.de\/ar\/wp-content\/themes\/hofh\/graphics\/logos\/gate\/ultragenyx.png\"},{\"@type\":\"BreadcrumbList\",\"@id\":\"https:\/\/www.hofhdisease.de\/ar\/#breadcrumb\",\"itemListElement\":[{\"@type\":\"ListItem\",\"position\":1,\"name\":\"Home\",\"item\":\"https:\/\/www.hofhdisease.de\/ar\/\"},{\"@type\":\"ListItem\",\"position\":2,\"name\":\"\u0641\u0631\u0637 \u0643\u0648\u0644\u0633\u062a\u0631\u0648\u0644\\u2028\u0627\u0644\u062f\u0645 \u0627\u0644\u0639\u0627\u0626\u0644\u064a\u00a0\u0645\u062a\u0645\u0627\u062b\u0644 \u0627\u0644\u0627\u0632\u062f\u0648\u0627\u062c\"}]},{\"@type\":\"WebSite\",\"@id\":\"https:\/\/www.hofhdisease.de\/ar\/#website\",\"url\":\"https:\/\/www.hofhdisease.de\/ar\/\",\"name\":\"\\u2028\u0641\u0631\u0637 \u0643\u0648\u0644\u0633\u062a\u0631\u0648\u0644 \u0645\u062a\u0645\u0627\u062b\u0644 \u0627\u0644\u0627\u0632\u062f\u0648\u0627\u062c \\u2028\u0627\u0644\u062f\u0645 \u0627\u0644\u0639\u0627\u0626\u0644\u064a\",\"description\":\"\",\"potentialAction\":[{\"@type\":\"SearchAction\",\"target\":{\"@type\":\"EntryPoint\",\"urlTemplate\":\"https:\/\/www.hofhdisease.de\/ar\/?s={search_term_string}\"},\"query-input\":{\"@type\":\"PropertyValueSpecification\",\"valueRequired\":true,\"valueName\":\"search_term_string\"}}],\"inLanguage\":\"en-US\"}]}<\/script>\n<!-- \/ Yoast SEO plugin. -->","yoast_head_json":{"title":"\u2028\u0641\u0631\u0637 \u0643\u0648\u0644\u0633\u062a\u0631\u0648\u0644 \u0645\u062a\u0645\u0627\u062b\u0644 \u0627\u0644\u0627\u0632\u062f\u0648\u0627\u062c \u2028\u0627\u0644\u062f\u0645 \u0627\u0644\u0639\u0627\u0626\u0644\u064a","robots":{"index":"index","follow":"follow","max-snippet":"max-snippet:-1","max-image-preview":"max-image-preview:large","max-video-preview":"max-video-preview:-1"},"canonical":"https:\/\/www.hofhdisease.de\/ar\/","og_locale":"en_US","og_type":"article","og_title":"\u2028\u0641\u0631\u0637 \u0643\u0648\u0644\u0633\u062a\u0631\u0648\u0644 \u0645\u062a\u0645\u0627\u062b\u0644 \u0627\u0644\u0627\u0632\u062f\u0648\u0627\u062c \u2028\u0627\u0644\u062f\u0645 \u0627\u0644\u0639\u0627\u0626\u0644\u064a","og_description":"Deutsch T\u00fcrk\u00e7e \u0639\u0631\u0628\u064a \u062a\u0645 \u062a\u0635\u0645\u064a\u0645 \u0647\u0630\u0627 \u0627\u0644\u0645\u0648\u0642\u0639 \u0644\u0644\u0645\u0633\u0627\u0639\u062f\u0629 \u0641\u064a \u062a\u062d\u062f\u064a\u062f \u0639\u0644\u0627\u0645\u0627\u062a \u0648\u0623\u0639\u0631\u0627\u0636 \u0641\u0631\u0637 \u0643\u0648\u0644\u0633\u062a\u0631\u0648\u0644 .\u0627\u0644\u062f\u0645 \u0627\u0644\u0639\u0627\u0626\u0644\u064a \u0645\u062a\u0645\u0627\u062b\u0644 \u0627\u0644\u0627\u0632\u062f\u0648\u0627\u062c \u0644\u0644\u0645\u062a\u0627\u0628\u0639\u0629\u060c \u062d\u062f\u0651\u0650\u062f \u0623\u062d\u062f \u0627\u0644\u062e\u064a\u0627\u0631\u064a\u0646 \u0623\u0646\u0627 \u0645\u0631\u064a\u0636 \u0623\u0648 \u0645\u0642\u062f\u0645 \u0631\u0639\u0627\u064a\u0629 (\u0648\u0644\u064a \u0623\u0645\u0631\/\u0648\u0635\u064a\u0651 \u0642\u0627\u0646\u0648\u0646\u064a) \u0623\u0646\u0627 \u0623\u062e\u0635\u0627\u0626\u064a \u0631\u0639\u0627\u064a\u0629 \u0635\u062d\u064a\u0629 \u064a\u062a\u0645 \u062a\u0648\u0641\u064a\u0631 \u0627\u0644\u0645\u0639\u0644\u0648\u0645\u0627\u062a \u0627\u0644\u0648\u0627\u0631\u062f\u0629 \u0647\u0646\u0627 \u0644\u0623\u063a\u0631\u0627\u0636 \u062a\u0639\u0644\u064a\u0645\u064a\u0629 \u0639\u0627\u0645\u0629 \u0647\u0630\u0627 \u0627\u0644\u0645\u0648\u0642\u0639 \u0645\u062e\u0635\u0635 \u0644\u0644\u0645\u0642\u064a\u0645\u064a\u0646 \u0641\u064a \u00a0\u0627\u0644\u0645\u0646\u0637\u0642\u0629 \u0627\u0644\u0646\u0627\u0637\u0642\u0629 \u0628\u0627\u0644\u0623\u0644\u0645\u0627\u0646\u064a\u0629 \u0648\u0647\u064a \u0623\u0644\u0645\u0627\u0646\u064a\u0627 .\u0648\u0627\u0644\u0646\u0645\u0633\u0627 \u0648\u0633\u0648\u064a\u0633\u0631\u0627 \u062a\u0645Continue reading \"\u0641\u0631\u0637 \u0643\u0648\u0644\u0633\u062a\u0631\u0648\u0644\u2028\u0627\u0644\u062f\u0645 \u0627\u0644\u0639\u0627\u0626\u0644\u064a\u00a0\u0645\u062a\u0645\u0627\u062b\u0644 \u0627\u0644\u0627\u0632\u062f\u0648\u0627\u062c\"","og_url":"https:\/\/www.hofhdisease.de\/ar\/","og_site_name":"\u2028\u0641\u0631\u0637 \u0643\u0648\u0644\u0633\u062a\u0631\u0648\u0644 \u0645\u062a\u0645\u0627\u062b\u0644 \u0627\u0644\u0627\u0632\u062f\u0648\u0627\u062c \u2028\u0627\u0644\u062f\u0645 \u0627\u0644\u0639\u0627\u0626\u0644\u064a","article_modified_time":"2025-02-28T10:28:25+00:00","og_image":[{"url":"https:\/\/www.hofhdisease.de\/ar\/wp-content\/themes\/hofh\/graphics\/logos\/gate\/ultragenyx.png","type":"","width":"","height":""}],"twitter_card":"summary_large_image","twitter_misc":{"Est. reading time":"2 minutes"},"schema":{"@context":"https:\/\/schema.org","@graph":[{"@type":"WebPage","@id":"https:\/\/www.hofhdisease.de\/ar\/","url":"https:\/\/www.hofhdisease.de\/ar\/","name":"\u2028\u0641\u0631\u0637 \u0643\u0648\u0644\u0633\u062a\u0631\u0648\u0644 \u0645\u062a\u0645\u0627\u062b\u0644 \u0627\u0644\u0627\u0632\u062f\u0648\u0627\u062c \u2028\u0627\u0644\u062f\u0645 \u0627\u0644\u0639\u0627\u0626\u0644\u064a","isPartOf":{"@id":"https:\/\/www.hofhdisease.de\/ar\/#website"},"primaryImageOfPage":{"@id":"https:\/\/www.hofhdisease.de\/ar\/#primaryimage"},"image":{"@id":"https:\/\/www.hofhdisease.de\/ar\/#primaryimage"},"thumbnailUrl":"https:\/\/www.hofhdisease.de\/ar\/wp-content\/themes\/hofh\/graphics\/logos\/gate\/ultragenyx.png","datePublished":"2024-06-27T10:19:28+00:00","dateModified":"2025-02-28T10:28:25+00:00","breadcrumb":{"@id":"https:\/\/www.hofhdisease.de\/ar\/#breadcrumb"},"inLanguage":"en-US","potentialAction":[{"@type":"ReadAction","target":["https:\/\/www.hofhdisease.de\/ar\/"]}]},{"@type":"ImageObject","inLanguage":"en-US","@id":"https:\/\/www.hofhdisease.de\/ar\/#primaryimage","url":"https:\/\/www.hofhdisease.de\/ar\/wp-content\/themes\/hofh\/graphics\/logos\/gate\/ultragenyx.png","contentUrl":"https:\/\/www.hofhdisease.de\/ar\/wp-content\/themes\/hofh\/graphics\/logos\/gate\/ultragenyx.png"},{"@type":"BreadcrumbList","@id":"https:\/\/www.hofhdisease.de\/ar\/#breadcrumb","itemListElement":[{"@type":"ListItem","position":1,"name":"Home","item":"https:\/\/www.hofhdisease.de\/ar\/"},{"@type":"ListItem","position":2,"name":"\u0641\u0631\u0637 \u0643\u0648\u0644\u0633\u062a\u0631\u0648\u0644\u2028\u0627\u0644\u062f\u0645 \u0627\u0644\u0639\u0627\u0626\u0644\u064a\u00a0\u0645\u062a\u0645\u0627\u062b\u0644 \u0627\u0644\u0627\u0632\u062f\u0648\u0627\u062c"}]},{"@type":"WebSite","@id":"https:\/\/www.hofhdisease.de\/ar\/#website","url":"https:\/\/www.hofhdisease.de\/ar\/","name":"\u2028\u0641\u0631\u0637 \u0643\u0648\u0644\u0633\u062a\u0631\u0648\u0644 \u0645\u062a\u0645\u0627\u062b\u0644 \u0627\u0644\u0627\u0632\u062f\u0648\u0627\u062c \u2028\u0627\u0644\u062f\u0645 \u0627\u0644\u0639\u0627\u0626\u0644\u064a","description":"","potentialAction":[{"@type":"SearchAction","target":{"@type":"EntryPoint","urlTemplate":"https:\/\/www.hofhdisease.de\/ar\/?s={search_term_string}"},"query-input":{"@type":"PropertyValueSpecification","valueRequired":true,"valueName":"search_term_string"}}],"inLanguage":"en-US"}]}},"_links":{"self":[{"href":"https:\/\/www.hofhdisease.de\/ar\/wp-json\/wp\/v2\/pages\/57","targetHints":{"allow":["GET"]}}],"collection":[{"href":"https:\/\/www.hofhdisease.de\/ar\/wp-json\/wp\/v2\/pages"}],"about":[{"href":"https:\/\/www.hofhdisease.de\/ar\/wp-json\/wp\/v2\/types\/page"}],"author":[{"embeddable":true,"href":"https:\/\/www.hofhdisease.de\/ar\/wp-json\/wp\/v2\/users\/9"}],"replies":[{"embeddable":true,"href":"https:\/\/www.hofhdisease.de\/ar\/wp-json\/wp\/v2\/comments?post=57"}],"version-history":[{"count":77,"href":"https:\/\/www.hofhdisease.de\/ar\/wp-json\/wp\/v2\/pages\/57\/revisions"}],"predecessor-version":[{"id":276,"href":"https:\/\/www.hofhdisease.de\/ar\/wp-json\/wp\/v2\/pages\/57\/revisions\/276"}],"wp:attachment":[{"href":"https:\/\/www.hofhdisease.de\/ar\/wp-json\/wp\/v2\/media?parent=57"}],"curies":[{"name":"wp","href":"https:\/\/api.w.org\/{rel}","templated":true}]}}