{"id":108,"date":"2023-11-29T04:12:05","date_gmt":"2023-11-29T09:12:05","guid":{"rendered":"https:\/\/www.hofhdisease.de\/tr\/?page_id=108"},"modified":"2025-02-28T05:23:58","modified_gmt":"2025-02-28T10:23:58","slug":"landing","status":"publish","type":"page","link":"https:\/\/www.hofhdisease.de\/tr\/","title":{"rendered":"Landing"},"content":{"rendered":"<div class=\"gate-overlay\"><\/div>\n<div class=\"relative flex min-h-screen1 items-center justify-center p-6\">\n<div>\n<div class=\"relative1 flex1 justify-between1 items-center top-section\">\n<div class=\"text-center text-center-margin logo\"><img loading=\"lazy\" decoding=\"async\" class=\"mx-auto\" src=\"https:\/\/www.hofhdisease.de\/tr\/wp-content\/uploads\/2023\/11\/Top.png\" alt=\"logo\" width=\"274\" height=\"43\" \/><\/div>\n<div class=\"text-right text-16px .text-right-margin\"><a class=\"text-white\" href=\"https:\/\/www.hofhdisease.de\/\" target=\"_blank\" rel=\"noopener\">Deutsch<\/a><br \/>\n<a class=\"text-cream\" href=\"https:\/\/www.hofhdisease.de\/tr\/\" rel=\"noopener\">T\u00fcrk\u00e7e<\/a><br \/>\n<!-- <a class=\"text-white\" href=\"https:\/\/www.hofhdisease.de\/ar\/\" target=\"_blank\" rel=\"noopener\">\u0639\u0631\u0628\u064a<\/a> --><\/div>\n<\/div>\n<div class=\"relative mt-6 w-full text-white px-4 text-body\">\n<div class=\"text-center\">\n<p class=\"text-center text-16px text-white\" style=\"margin-top: 70px;\">Bu site Homozigot Ailesel Hiperkolesterolemi i\u015faretlerinin ve<br \/>\nbelirtilerinin tan\u0131mlanmas\u0131na yard\u0131mc\u0131 olmak i\u00e7in tasarlanm\u0131\u015ft\u0131r.<\/p>\n<p class=\"mt-6 text-center text-16px text-white text-body-80\">Devam etmek i\u00e7in iki se\u00e7enekten birini se\u00e7in:<\/p>\n<p class=\"mt-6\"><a class=\"btn btn-white btn-round\" href=\"https:\/\/www.hofhdisease.de\/tr\/home\/\">HASTAYIM VEYA BAKICIYIM (EBEVEYN\/YASAL VASI) <\/a><\/p>\n<p class=\"mt-6\"><a class=\"btn btn-white btn-round\" href=\"https:\/\/www.hofhdisease.de\/hcp\/\">B\u0130R SA\u011eLIK UZMANIYIM <\/a><\/p>\n<\/div>\n<\/div>\n<div class=\"text-center\" style=\"margin-top: 20px;\">\n<p class=\"mx-auto mt-6 text-16px text-white\">Burada yer alan bilgiler genel e\u011fitim ama\u00e7l\u0131d\u0131r<br \/>\nBu web sitesi yaln\u0131zca Birle\u015fik Krall\u0131k&#8217;ta ikamet edenler i\u00e7in<br \/>\nhaz\u0131rlanm\u0131\u015ft\u0131r.<\/p>\n<p><img loading=\"lazy\" decoding=\"async\" class=\"mx-auto mt-6\" style=\"margin-top: 55px;\" src=\"https:\/\/www.hofhdisease.de\/tr\/wp-content\/themes\/hofh\/graphics\/logos\/gate\/ultragenyx.png\" srcset=\"https:\/\/www.hofhdisease.de\/tr\/wp-content\/themes\/hofh\/graphics\/logos\/gate\/ultragenyx.png, https:\/\/www.hofhdisease.de\/tr\/wp-content\/themes\/hofh\/graphics\/logos\/gate\/ultragenyx@2x.png 2x\" alt=\"h-12 w-auto\" width=\"120\" height=\"48\" \/><\/p>\n<p class=\"mt-3 text-white\" style=\"font-size: 12px; line-height: 9px; color: #fff;\">\u00a9 2023 Ultragenyx Pharmaceutical Inc. T\u00fcm haklar\u0131 sakl\u0131d\u0131r.<\/p>\n<p><!--\n\n<p class=\"mt-3 text-white\" style=\"font-size: 12px; line-height: 9px; color: #fff;\">\u00a9 <script>document.write(new Date().getFullYear())<\/script> Ultragenyx Pharmaceutical Inc. T\u00fcm haklar\u0131 sakl\u0131d\u0131r.<\/p>\n\n--><\/p>\n<p class=\"mt-3 text-white\" style=\"font-size: 12px; line-height: 9px; color: #fff; margin-bottom: 55px;\">DE-MRCP-UX858-00289 Mayis 2024<\/p>\n<\/div>\n<\/div>\n<style>\n#masthead, #colophon,.entry-footer{display:none;}.text-white{color:#fff !important;}.btn-white{padding: 5px 18px;    background: #fff;    border-radius: 20px !important;    margin-top: 15px;    font-size: 16px;    color: #c71f46;    font-weight: 600;} body{overflow:hidden;} .image-margin { margin-top: 30px; } .text-right-margin { margin-right: -40px; }\n.text-center-margin { margin: auto; }\n@media screen and (max-width: 768px) {\n .text-right-margin {\n    margin-right: 0;\n }\n .text-center-margin {\n    margin: 0 auto;\n }\n .image-margin { margin-top: 20px; }<\/p>\n<p>}<\/p>\n<p>@media only screen and (max-width: 650px) {\nbody{overflow:unset;}\n}\n@media only screen and (max-width: 992px){\n.cookie-modal .cookie-wrap{\ndisplay:block;\n}\n.cookie-modal .cookie-wrap .cookie-content{\nwidth:100%;\n}\n}\nbody{    overflow-y: auto;}\n<\/style>\n","protected":false},"excerpt":{"rendered":"<p>Deutsch T\u00fcrk\u00e7e Bu site Homozigot Ailesel Hiperkolesterolemi i\u015faretlerinin ve belirtilerinin tan\u0131mlanmas\u0131na yard\u0131mc\u0131 olmak i\u00e7in tasarlanm\u0131\u015ft\u0131r. Devam etmek i\u00e7in iki se\u00e7enekten birini se\u00e7in: HASTAYIM VEYA BAKICIYIM (EBEVEYN\/YASAL VASI) B\u0130R SA\u011eLIK UZMANIYIM Burada yer alan bilgiler genel e\u011fitim ama\u00e7l\u0131d\u0131r Bu web sitesi yaln\u0131zca Birle\u015fik Krall\u0131k&#8217;ta ikamet edenler i\u00e7in haz\u0131rlanm\u0131\u015ft\u0131r. \u00a9 2023 Ultragenyx Pharmaceutical Inc. T\u00fcm haklar\u0131 sakl\u0131d\u0131r.<a href=\"https:\/\/www.hofhdisease.de\/tr\/\">Continue reading <span class=\"sr-only\">&#8220;Landing&#8221;<\/span><\/a><\/p>\n","protected":false},"author":3,"featured_media":0,"parent":0,"menu_order":0,"comment_status":"closed","ping_status":"closed","template":"","meta":{"footnotes":""},"class_list":["post-108","page","type-page","status-publish","hentry"],"yoast_head":"<!-- This site is optimized with the Yoast SEO plugin v24.9 - https:\/\/yoast.com\/wordpress\/plugins\/seo\/ -->\n<title>Landing &#8212; Homozygous Familial Hypercholesterolemia<\/title>\n<meta name=\"robots\" content=\"index, follow, max-snippet:-1, max-image-preview:large, max-video-preview:-1\" \/>\n<link rel=\"canonical\" href=\"https:\/\/www.hofhdisease.de\/tr\/\" \/>\n<meta property=\"og:locale\" content=\"en_US\" \/>\n<meta property=\"og:type\" content=\"article\" \/>\n<meta property=\"og:title\" content=\"Landing &#8212; Homozygous Familial Hypercholesterolemia\" \/>\n<meta property=\"og:description\" content=\"Deutsch T\u00fcrk\u00e7e Bu site Homozigot Ailesel Hiperkolesterolemi i\u015faretlerinin ve belirtilerinin tan\u0131mlanmas\u0131na yard\u0131mc\u0131 olmak i\u00e7in tasarlanm\u0131\u015ft\u0131r. Devam etmek i\u00e7in iki se\u00e7enekten birini se\u00e7in: HASTAYIM VEYA BAKICIYIM (EBEVEYN\/YASAL VASI) B\u0130R SA\u011eLIK UZMANIYIM Burada yer alan bilgiler genel e\u011fitim ama\u00e7l\u0131d\u0131r Bu web sitesi yaln\u0131zca Birle\u015fik Krall\u0131k&#8217;ta ikamet edenler i\u00e7in haz\u0131rlanm\u0131\u015ft\u0131r. \u00a9 2023 Ultragenyx Pharmaceutical Inc. T\u00fcm haklar\u0131 sakl\u0131d\u0131r.Continue reading &quot;Landing&quot;\" \/>\n<meta property=\"og:url\" content=\"https:\/\/www.hofhdisease.de\/tr\/\" \/>\n<meta property=\"og:site_name\" content=\"Homozygous Familial Hypercholesterolemia\" \/>\n<meta property=\"article:modified_time\" content=\"2025-02-28T10:23:58+00:00\" \/>\n<meta property=\"og:image\" content=\"https:\/\/www.hofhdisease.de\/tr\/wp-content\/uploads\/2023\/11\/Top.png\" \/>\n<meta name=\"twitter:card\" content=\"summary_large_image\" \/>\n<meta name=\"twitter:label1\" content=\"Est. reading time\" \/>\n\t<meta name=\"twitter:data1\" content=\"1 minute\" \/>\n<script type=\"application\/ld+json\" class=\"yoast-schema-graph\">{\"@context\":\"https:\/\/schema.org\",\"@graph\":[{\"@type\":\"WebPage\",\"@id\":\"https:\/\/www.hofhdisease.de\/tr\/\",\"url\":\"https:\/\/www.hofhdisease.de\/tr\/\",\"name\":\"Landing &#8212; Homozygous Familial Hypercholesterolemia\",\"isPartOf\":{\"@id\":\"https:\/\/www.hofhdisease.de\/tr\/#website\"},\"primaryImageOfPage\":{\"@id\":\"https:\/\/www.hofhdisease.de\/tr\/#primaryimage\"},\"image\":{\"@id\":\"https:\/\/www.hofhdisease.de\/tr\/#primaryimage\"},\"thumbnailUrl\":\"https:\/\/www.hofhdisease.de\/tr\/wp-content\/uploads\/2023\/11\/Top.png\",\"datePublished\":\"2023-11-29T09:12:05+00:00\",\"dateModified\":\"2025-02-28T10:23:58+00:00\",\"breadcrumb\":{\"@id\":\"https:\/\/www.hofhdisease.de\/tr\/#breadcrumb\"},\"inLanguage\":\"en-US\",\"potentialAction\":[{\"@type\":\"ReadAction\",\"target\":[\"https:\/\/www.hofhdisease.de\/tr\/\"]}]},{\"@type\":\"ImageObject\",\"inLanguage\":\"en-US\",\"@id\":\"https:\/\/www.hofhdisease.de\/tr\/#primaryimage\",\"url\":\"https:\/\/www.hofhdisease.de\/tr\/wp-content\/uploads\/2023\/11\/Top.png\",\"contentUrl\":\"https:\/\/www.hofhdisease.de\/tr\/wp-content\/uploads\/2023\/11\/Top.png\",\"width\":378,\"height\":64},{\"@type\":\"BreadcrumbList\",\"@id\":\"https:\/\/www.hofhdisease.de\/tr\/#breadcrumb\",\"itemListElement\":[{\"@type\":\"ListItem\",\"position\":1,\"name\":\"Home\",\"item\":\"https:\/\/www.hofhdisease.de\/tr\/\"},{\"@type\":\"ListItem\",\"position\":2,\"name\":\"Landing\"}]},{\"@type\":\"WebSite\",\"@id\":\"https:\/\/www.hofhdisease.de\/tr\/#website\",\"url\":\"https:\/\/www.hofhdisease.de\/tr\/\",\"name\":\"Homozygous Familial Hypercholesterolemia\",\"description\":\"\",\"potentialAction\":[{\"@type\":\"SearchAction\",\"target\":{\"@type\":\"EntryPoint\",\"urlTemplate\":\"https:\/\/www.hofhdisease.de\/tr\/?s={search_term_string}\"},\"query-input\":{\"@type\":\"PropertyValueSpecification\",\"valueRequired\":true,\"valueName\":\"search_term_string\"}}],\"inLanguage\":\"en-US\"}]}<\/script>\n<!-- \/ Yoast SEO plugin. -->","yoast_head_json":{"title":"Landing &#8212; Homozygous Familial Hypercholesterolemia","robots":{"index":"index","follow":"follow","max-snippet":"max-snippet:-1","max-image-preview":"max-image-preview:large","max-video-preview":"max-video-preview:-1"},"canonical":"https:\/\/www.hofhdisease.de\/tr\/","og_locale":"en_US","og_type":"article","og_title":"Landing &#8212; Homozygous Familial Hypercholesterolemia","og_description":"Deutsch T\u00fcrk\u00e7e Bu site Homozigot Ailesel Hiperkolesterolemi i\u015faretlerinin ve belirtilerinin tan\u0131mlanmas\u0131na yard\u0131mc\u0131 olmak i\u00e7in tasarlanm\u0131\u015ft\u0131r. Devam etmek i\u00e7in iki se\u00e7enekten birini se\u00e7in: HASTAYIM VEYA BAKICIYIM (EBEVEYN\/YASAL VASI) B\u0130R SA\u011eLIK UZMANIYIM Burada yer alan bilgiler genel e\u011fitim ama\u00e7l\u0131d\u0131r Bu web sitesi yaln\u0131zca Birle\u015fik Krall\u0131k&#8217;ta ikamet edenler i\u00e7in haz\u0131rlanm\u0131\u015ft\u0131r. \u00a9 2023 Ultragenyx Pharmaceutical Inc. T\u00fcm haklar\u0131 sakl\u0131d\u0131r.Continue reading \"Landing\"","og_url":"https:\/\/www.hofhdisease.de\/tr\/","og_site_name":"Homozygous Familial Hypercholesterolemia","article_modified_time":"2025-02-28T10:23:58+00:00","og_image":[{"url":"https:\/\/www.hofhdisease.de\/tr\/wp-content\/uploads\/2023\/11\/Top.png","type":"","width":"","height":""}],"twitter_card":"summary_large_image","twitter_misc":{"Est. reading time":"1 minute"},"schema":{"@context":"https:\/\/schema.org","@graph":[{"@type":"WebPage","@id":"https:\/\/www.hofhdisease.de\/tr\/","url":"https:\/\/www.hofhdisease.de\/tr\/","name":"Landing &#8212; Homozygous Familial Hypercholesterolemia","isPartOf":{"@id":"https:\/\/www.hofhdisease.de\/tr\/#website"},"primaryImageOfPage":{"@id":"https:\/\/www.hofhdisease.de\/tr\/#primaryimage"},"image":{"@id":"https:\/\/www.hofhdisease.de\/tr\/#primaryimage"},"thumbnailUrl":"https:\/\/www.hofhdisease.de\/tr\/wp-content\/uploads\/2023\/11\/Top.png","datePublished":"2023-11-29T09:12:05+00:00","dateModified":"2025-02-28T10:23:58+00:00","breadcrumb":{"@id":"https:\/\/www.hofhdisease.de\/tr\/#breadcrumb"},"inLanguage":"en-US","potentialAction":[{"@type":"ReadAction","target":["https:\/\/www.hofhdisease.de\/tr\/"]}]},{"@type":"ImageObject","inLanguage":"en-US","@id":"https:\/\/www.hofhdisease.de\/tr\/#primaryimage","url":"https:\/\/www.hofhdisease.de\/tr\/wp-content\/uploads\/2023\/11\/Top.png","contentUrl":"https:\/\/www.hofhdisease.de\/tr\/wp-content\/uploads\/2023\/11\/Top.png","width":378,"height":64},{"@type":"BreadcrumbList","@id":"https:\/\/www.hofhdisease.de\/tr\/#breadcrumb","itemListElement":[{"@type":"ListItem","position":1,"name":"Home","item":"https:\/\/www.hofhdisease.de\/tr\/"},{"@type":"ListItem","position":2,"name":"Landing"}]},{"@type":"WebSite","@id":"https:\/\/www.hofhdisease.de\/tr\/#website","url":"https:\/\/www.hofhdisease.de\/tr\/","name":"Homozygous Familial Hypercholesterolemia","description":"","potentialAction":[{"@type":"SearchAction","target":{"@type":"EntryPoint","urlTemplate":"https:\/\/www.hofhdisease.de\/tr\/?s={search_term_string}"},"query-input":{"@type":"PropertyValueSpecification","valueRequired":true,"valueName":"search_term_string"}}],"inLanguage":"en-US"}]}},"_links":{"self":[{"href":"https:\/\/www.hofhdisease.de\/tr\/wp-json\/wp\/v2\/pages\/108","targetHints":{"allow":["GET"]}}],"collection":[{"href":"https:\/\/www.hofhdisease.de\/tr\/wp-json\/wp\/v2\/pages"}],"about":[{"href":"https:\/\/www.hofhdisease.de\/tr\/wp-json\/wp\/v2\/types\/page"}],"author":[{"embeddable":true,"href":"https:\/\/www.hofhdisease.de\/tr\/wp-json\/wp\/v2\/users\/3"}],"replies":[{"embeddable":true,"href":"https:\/\/www.hofhdisease.de\/tr\/wp-json\/wp\/v2\/comments?post=108"}],"version-history":[{"count":117,"href":"https:\/\/www.hofhdisease.de\/tr\/wp-json\/wp\/v2\/pages\/108\/revisions"}],"predecessor-version":[{"id":316,"href":"https:\/\/www.hofhdisease.de\/tr\/wp-json\/wp\/v2\/pages\/108\/revisions\/316"}],"wp:attachment":[{"href":"https:\/\/www.hofhdisease.de\/tr\/wp-json\/wp\/v2\/media?parent=108"}],"curies":[{"name":"wp","href":"https:\/\/api.w.org\/{rel}","templated":true}]}}